{"id":759,"date":"2026-01-14T23:11:03","date_gmt":"2026-01-15T02:11:03","guid":{"rendered":"https:\/\/misionera.net\/web\/?page_id=759"},"modified":"2026-01-14T23:16:05","modified_gmt":"2026-01-15T02:16:05","slug":"audiciones-radiales","status":"publish","type":"page","link":"https:\/\/misionera.net\/web\/audiciones-radiales\/","title":{"rendered":"Escuche Radio Misionera"},"content":{"rendered":"<p><img loading=\"lazy\" decoding=\"async\" class=\"alignnone wp-image-296\" src=\"https:\/\/misionera.net\/web\/wp-content\/uploads\/2025\/06\/radio-online-neon-signs-style-text-free-vector-300x176.jpg\" alt=\"\" width=\"685\" height=\"402\" srcset=\"https:\/\/misionera.net\/web\/wp-content\/uploads\/2025\/06\/radio-online-neon-signs-style-text-free-vector-300x176.jpg 300w, https:\/\/misionera.net\/web\/wp-content\/uploads\/2025\/06\/radio-online-neon-signs-style-text-free-vector-768x451.jpg 768w, https:\/\/misionera.net\/web\/wp-content\/uploads\/2025\/06\/radio-online-neon-signs-style-text-free-vector.jpg 907w\" sizes=\"auto, (max-width: 685px) 100vw, 685px\" \/><\/p>\n<p style=\"text-align: center;\"><strong>Radio Misionera, [es una radio que Re-transmite audiciones, himnos y canciones para todos, y es tambi\u00e9n una p\u00e1gina personal] Somos creyentes en el sentido b\u00edblico. (\u00a0Efesios 1:13) Somos cristiano en el sentido b\u00edblico.\u00a0(Hechos 11:26) Hemos\u2026<\/strong><\/p>\n<p>&nbsp;<\/p>\n<p style=\"text-align: center;\"><em><strong>\u00bfQu\u00e9 podr\u00eda escuchar en \u00e9sta radio?<\/strong><\/em><\/p>\n<ul>\n<li style=\"text-align: center;\"><em><strong>Nuevas de Gran Gozo<\/strong><\/em><\/li>\n<li style=\"text-align: center;\"><em><strong>Estudios B\u00edblicos<\/strong><\/em><\/li>\n<li style=\"text-align: center;\"><em><strong>Palabras de Vida<\/strong><\/em><\/li>\n<li style=\"text-align: center;\"><em><strong>Escudri\u00f1ando Las Escrituras<\/strong><\/em><\/li>\n<li style=\"text-align: center;\"><em><strong>Campanas del Evangelio<\/strong><\/em><\/li>\n<li style=\"text-align: center;\"><em><strong>En Esto Pensad<\/strong><\/em><\/li>\n<li style=\"text-align: center;\"><em><strong>Un\u00e1nimes<\/strong><\/em><\/li>\n<li style=\"text-align: center;\"><em><strong>Palabras de Amor (para ni\u00f1os)<\/strong><\/em><\/li>\n<li style=\"text-align: center;\"><em><strong>Cada d\u00eda con Cristo (para ni\u00f1os)<\/strong><\/em><\/li>\n<li style=\"text-align: center;\"><em><strong>La Buena semilla<\/strong><\/em><\/li>\n<li style=\"text-align: center;\"><em><strong>Qui\u00e9n es Jes\u00fas (para ni\u00f1os)<\/strong><\/em><\/li>\n<li style=\"text-align: center;\"><em><strong>Himnos y C\u00e1nticos para ni\u00f1os<\/strong><\/em><\/li>\n<li style=\"text-align: center;\"><em><strong>&#8230; y mucho mas &#8230;<\/strong><\/em><\/li>\n<li style=\"text-align: center;\"><\/li>\n<\/ul>\n","protected":false},"excerpt":{"rendered":"<p>Radio Misionera, [es una radio que Re-transmite audiciones, himnos y canciones para todos, y es tambi\u00e9n una p\u00e1gina personal] Somos creyentes en el sentido b\u00edblico. (\u00a0Efesios 1:13) Somos cristiano en el sentido b\u00edblico.\u00a0(Hechos 11:26) Hemos\u2026&#8230;<\/p>\n","protected":false},"author":2,"featured_media":0,"parent":0,"menu_order":0,"comment_status":"closed","ping_status":"closed","template":"","meta":{"footnotes":""},"class_list":["post-759","page","type-page","status-publish","hentry"],"_links":{"self":[{"href":"https:\/\/misionera.net\/web\/wp-json\/wp\/v2\/pages\/759","targetHints":{"allow":["GET"]}}],"collection":[{"href":"https:\/\/misionera.net\/web\/wp-json\/wp\/v2\/pages"}],"about":[{"href":"https:\/\/misionera.net\/web\/wp-json\/wp\/v2\/types\/page"}],"author":[{"embeddable":true,"href":"https:\/\/misionera.net\/web\/wp-json\/wp\/v2\/users\/2"}],"replies":[{"embeddable":true,"href":"https:\/\/misionera.net\/web\/wp-json\/wp\/v2\/comments?post=759"}],"version-history":[{"count":3,"href":"https:\/\/misionera.net\/web\/wp-json\/wp\/v2\/pages\/759\/revisions"}],"predecessor-version":[{"id":763,"href":"https:\/\/misionera.net\/web\/wp-json\/wp\/v2\/pages\/759\/revisions\/763"}],"wp:attachment":[{"href":"https:\/\/misionera.net\/web\/wp-json\/wp\/v2\/media?parent=759"}],"curies":[{"name":"wp","href":"https:\/\/api.w.org\/{rel}","templated":true}]}}